{"id":476,"date":"2019-09-19T08:37:17","date_gmt":"2019-09-19T08:37:17","guid":{"rendered":"https:\/\/residencenendaz.com\/?page_id=476"},"modified":"2019-09-25T07:18:54","modified_gmt":"2019-09-25T07:18:54","slug":"impressum-datenschutz","status":"publish","type":"page","link":"https:\/\/residencenendaz.com\/de\/impressum-datenschutz\/","title":{"rendered":"Impressum &#038; Datenschutz"},"content":{"rendered":"<div class=\"wpb-content-wrapper\"><p>[vc_row type=&#8220;4&#8243; padding_top=&#8220;150&#8243;][vc_column][vc_column_text]<\/p>\n<h2>Impressum &amp; Datenschutz NextHome B.V.<\/h2>\n<p>[\/vc_column_text][vc_row_inner][vc_column_inner width=&#8220;1\/3&#8243;][vc_column_text]Der Schutz Ihrer pers\u00f6nlichen Daten ist uns ein besonderes Anliegen. Wir verarbeiten Ihre Daten daher ausschlie\u00dflich auf Grundlage der Europ\u00e4ischer gesetzlichen Bestimmungen (DSVGO). In diesen Datenschutzinformationen informieren wir Sie \u00fcber die wichtigsten Aspekte der Datenverarbeitung im Rahmen unserer Website.<\/p>\n<p>Auftraggeber \/ Verantwortlicher der Datenverarbeitung<\/p>\n<p>NextHome B.V.<br \/>\n+31 252 688 030<br \/>\n<a href=\"mailto:office@mynexthome.nl\">office@mynexthome.nl<\/a><br \/>\nLuzernestraat 19a, NL-@153 GM NIEUW VENNEP<\/p>\n<p><strong>Gesch\u00e4ftsf\u00fchrung<br \/>\n<\/strong>J.B. van der Werff<br \/>\nUID-Nr. (BTW) NL81533329B01<br \/>\nFirmenbuchnummer: 341 78 282 (Amsterdam)<\/p>\n<p><strong>Bankverbindung:<br \/>\n<\/strong>ABNAMRO<br \/>\nIBAN: NL77ABNA0618356908<br \/>\nSWIFT-Code(BIC): ABNANL2A[\/vc_column_text][\/vc_column_inner][vc_column_inner width=&#8220;2\/3&#8243;][vc_column_text]<strong>Grunds\u00e4tzliches zur Datenverarbeitung<br \/>\n<\/strong>Diese Datenschutzerkl\u00e4rung kl\u00e4rt Sie \u00fcber die Art und den Umfang sowie den Zweck der Verarbeitung von personenbezogenen Daten innerhalb unseres Onlineangebotes und der mit ihm verbundenen Webseiten, Funktionen und Inhalten auf. Diese Erkl\u00e4rung gilt unabh\u00e4ngig von den verwendeten Domains, Systemen, Plattformen und Ger\u00e4ten (z.B. Desktop oder Mobile) auf denen das Onlineangebot ausgef\u00fchrt wird.<\/p>\n<p>Zu den verarbeiteten personenbezogenen Daten der Nutzer geh\u00f6ren Bestandsdaten (z.B., Namen und Adressen von Kunden), evtl. Vertragsdaten (z.B., in Anspruch genommene Leistungen, Namen von Sachbearbeitern, Zahlungsinformationen), Nutzungsdaten (z.B., die besuchten Webseiten unseres Onlineangebotes, Interesse an unseren Produkten) und Inhaltsdaten (z.B., Eingaben im Kontaktformular). Wir verarbeiten personenbezogene Daten der Nutzer (hierzu geh\u00f6ren alle Kategorien von der Datenverarbeitung betroffener Personen) nur unter Einhaltung der einschl\u00e4gigen Datenschutzbestimmungen. D.h. wir verarbeiten personenbezogene Daten nur unter Einhaltung einer gesetzlichen Erlaubnis: diese liegt begr\u00fcndet, insbesondere wenn die Datenverarbeitung zur Erbringung unserer vertraglichen Leistungen, sowie Online-Services erforderlich, bzw. gesetzlich vorgeschrieben ist, eine Einwilligung der Nutzer vorliegt, als auch aufgrund unserer berechtigten Interessen (d.h. Interesse an der Analyse, Optimierung und wirtschaftlichem Betrieb und Sicherheit unseres Onlineangebotes im Sinne des DSGVO.<\/p>\n<p><strong>Organisatorische und technische Sicherheitsma\u00dfnahmen<br \/>\n<\/strong>Wir treffen organisatorische, vertragliche und technische Sicherheitsma\u00dfnahmen entsprechend dem Stand der Technik, um sicherzustellen, dass die Vorschriften der Datenschutzgesetze eingehalten werden und um damit die durch uns verarbeiteten Daten gegen zuf\u00e4llige oder vors\u00e4tzliche Manipulationen, Verlust, Zerst\u00f6rung oder gegen den Zugriff unberechtigter Personen zu sch\u00fctzen.<\/p>\n<p><strong>Datenverarbeitung bei Kontaktaufnahme<br \/>\n<\/strong>Wenn Sie per Formular auf der Website oder per E-Mail Kontakt mit uns aufnehmen, werden Ihre angegebenen Daten zwecks Bearbeitung der Anfrage und f\u00fcr den Fall von Anschlussfragen bei uns gespeichert. Diese Daten geben wir nicht ohne Ihre Einwilligung weiter.<\/p>\n<p><strong>Erhebung von grundlegenden Zugriffsdaten<br \/>\n<\/strong>Auf Grundlage unserer berechtigten Interessen im Sinne des DSGVO\u00a0 erheben wir Daten \u00fcber jeden Zugriff auf den Server, auf dem sich dieser Dienst befindet. Zu den Zugriffsdaten geh\u00f6ren Name der abgerufenen Webseite, Datum und Uhrzeit des Abrufs, Browsertyp und -Version, das Betriebssystem des Nutzers, Referrer URL (die zuvor besuchte Seite), Hostname des Rechners des Users (IP-Adresse). Logfile-Informationen werden aus Sicherheitsgr\u00fcnden (z.B. zur Aufkl\u00e4rung von Missbrauchs- oder Betrugshandlungen) f\u00fcr die Dauer von maximal 14 Tagen gespeichert und danach gel\u00f6scht. Daten, deren weitere Aufbewahrung zu Beweiszwecken erforderlich ist, sind bis zur endg\u00fcltigen Kl\u00e4rung des jeweiligen Vorfalls von der L\u00f6schung ausgenommen.<\/p>\n<p><strong>Cookies<br \/>\n<\/strong>Cookies sind Informationen, die von unserem Webserver oder von Webservern Dritter an die Web-Browser der Nutzer \u00fcbertragen und dort f\u00fcr einen sp\u00e4teren Abruf gespeichert werden. Sie dienen zur Bereitstellung von grundlegenden Funktionen der Webseite, zur Verbesserung der Benutzererfahrung sowie zur Markierung der User f\u00fcr bestimmte weitere Zwecke.<\/p>\n<p><strong>Datenverarbeitung in Bezug auf Webanalyse<br \/>\n<\/strong>Unsere Website verwendet Funktionen des Webanalysedienstes Google Analytics, einen Webanalysedienst der Google Inc, (1600 Amphitheatre Parkway Mountain View, CA 94043, USA). Die Datenverarbeitung erfolgt auf Basis der gesetzlichen Bestimmungen des \u00a7 96 Abs 3 TKG sowie des Art 6 Abs 1 lit a (Einwilligung) und\/oder f (berechtigtes Interesse) der DSGVO. Da uns die Privatsph\u00e4re unserer Nutzer wichtig ist, werden die Nutzerdaten pseudonymisiert.<\/p>\n<p>Google Analytics verwendet sog. \u201eCookies\u201c, Textdateien, die auf Ihrem Computer gespeichert werden und die eine Analyse der Benutzung der Webseite durch Sie erm\u00f6glichen. Die dadurch erzeugten Informationen werden von Google in den USA \u00fcbertragen und dort gespeichert. Sie k\u00f6nnen dies verhindern, indem Sie Ihren Browser so einrichten, dass keine Cookies gespeichert werden bzw. den daf\u00fcr vorgesehenen Cookie-Regler setzen. Wir haben mit dem Anbieter einen entsprechenden Vertrag zur Auftragsdatenverarbeitung abgeschlossen.<\/p>\n<p>Ihre IP-Adresse wird erfasst, aber umgehend pseudonymisiert. Dadurch ist nur mehr eine grobe Lokalisierung m\u00f6glich. Ihre IP-Adresse wird von Google innerhalb der Europ\u00e4ischen Union oder in einem anderen Vertragsstaat des Abkommens \u00fcber den Europ\u00e4ischen Wirtschaftsraum gek\u00fcrzt und dadurch anonymisiert. Dabei werden die letzten 8 bit einer IPv4-Adresse auf 0 gesetzt, bei einer IPv6-Adresse die letzten 80 der 128 bits. Die Nutzerdaten werden f\u00fcr die Dauer von 14 Monaten aufbewahrt.<\/p>\n<p>Google benutzt diese Informationen, um die Nutzung unserer Seite auszuwerten, um Reports \u00fcber die Website-Aktivit\u00e4ten f\u00fcr uns zusammenzustellen und um weitere mit der Websitenutzung und der Internetnutzung verbundene Dienstleistungen zu erbringen. Auch wird Google diese Informationen gegebenenfalls an Dritte \u00fcbertragen, sofern dies gesetzlich vorgeschrieben oder soweit Dritte diese Daten im Auftrag von Google verarbeiten. Google wird, nach eigenen Angaben, in keinem Fall Ihre IP-Adresse mit anderen Daten von Google in Verbindung bringen. Unter folgendem Link finden Sie die aktuelle Datenschutzerkl\u00e4rung von Google: https:\/\/www.google.com\/intl\/de\/policies\/privacy\/<\/p>\n<p><strong>Newsletter<br \/>\n<\/strong>In den nachfolgenden Hinweisen kl\u00e4ren wir Sie \u00fcber die Inhalte unseres Newsletters sowie das Anmelde-, Versand- und das statistische Auswertungsverfahren sowie Ihre Widerspruchsrechte auf.<\/p>\n<p>Wann Sie bei uns einen Broschuren heruntergeladen haben erteilen Sie die Einwilligung Ihren Nachnamen, Ihren Vornamen und Ihre E-Mail-Adresse (personenbezogene Daten und Datenkategorien) automationsunterst\u00fctzt zu verarbeiten, d.h. zu speichern und f\u00fcr die Zusendung unserer Newsletter (Zweck der Datenverarbeitung) \u2013 welche wir in teils regelm\u00e4\u00dfigen, teils unregelm\u00e4\u00dfigen Abst\u00e4nden versenden \u2013 zu verwenden. Die Bekanntgabe Ihres Nachnamens und Vornamens sind f\u00fcr uns notwendig, um Sie in unserem Dateisystem vollst\u00e4ndig aufzunehmen und dient der Zuordnung der E-Mail-Adresse zu einer bestimmten Person.<\/p>\n<p>Um Sie zielgerichtet mit Informationen zu versorgen, erheben und verarbeiten wir au\u00dferdem freiwillig gemachte Angaben Anrede, Vorname &amp; Nachname, Land und Ihr Interesse. Wir versenden Newsletter mit werblichen Informationen nur mit der Einwilligung der Empf\u00e4nger oder einer gesetzlichen Erlaubnis. Unsere Newsletter enthalten Informationen zu unseren Produkten, Angeboten, Aktionen und unserem Unternehmen.<\/p>\n<p>Das Abo des Newsletters k\u00f6nnen Sie jederzeit stornieren indem Sie im Newsletter auf den daf\u00fcr vorgesehenen Link \u201eNewsletter abbestellen\u201c klicken. Ansonsten senden Sie Ihre Stornierung bitte an folgende E-Mail-Adresse: office@mynexthome.nl. Wir l\u00f6schen anschlie\u00dfend umgehend Ihre Daten im Zusammenhang mit dem Newsletter-Versand.<\/p>\n<p>Der Versand der Newsletter erfolgt mittels \u201eMailChimp\u201c, einer Newsletterversandplattform des US-Anbieters Rocket Science Group, LLC, 675 Ponce De Leon Ave NE #5000, Atlanta, GA 30308, USA. Die Datenschutzbestimmungen des Versanddienstleisters k\u00f6nnen Sie hier einsehen: mailchimp.com\/legal\/privacy\/. The Rocket Science Group LLC d\/b\/a MailChimp ist unter dem Privacy-Shield-Abkommen zertifiziert und bietet hierdurch eine Garantie, das europ\u00e4isches Datenschutzniveau einzuhalten (https:\/\/www.privacyshield.gov\/participant?id=a2zt0000000TO6hAAG&amp;status=Active).<\/p>\n<p>Die Newsletter enthalten einen sog. \u201eweb-beacon\u201c, d.h. eine pixelgro\u00dfe Datei, die beim \u00d6ffnen des Newsletters von dem Server des Versanddienstleisters abgerufen wird. So k\u00f6nnen \u00d6ffnungsraten und Klickverhalten der User nachvollzogen werden. Dies dient dazu, unsere User in ihrer Gesamtheit besser zu verstehen und unsere Inhalte an die W\u00fcnsche unserer User anzupassen.<\/p>\n<p>Der Einsatz des Versanddienstleisters, Durchf\u00fchrung der statistischen Erhebungen und Analysen sowie Protokollierung des Anmeldeverfahrens, erfolgen auf Grundlage unserer berechtigten Interessen gem. Art. 6 Abs. 1 lit. f DSGVO. Unser Interesse richtet sich auf den Einsatz eines nutzerfreundlichen sowie sicheren Newslettersystems, das sowohl unseren gesch\u00e4ftlichen Interessen dient, als auch den Erwartungen der Nutzer entspricht.<\/p>\n<p><strong>Google-Re\/Marketing-Services<br \/>\n<\/strong>Wir nutzen auf Grundlage unserer berechtigten Interessen (d.h. Interesse an der Analyse, Optimierung und wirtschaftlichem Betrieb unseres Onlineangebotes im Sinne des DSGVO die Marketing- und Remarketing-Dienste (kurz \u201eGoogle-Marketing-Services\u201c) der Google Inc., 1600 Amphitheatre Parkway, Mountain View, CA 94043, USA, (\u201eGoogle\u201c). Google ist unter dem Privacy-Shield-Abkommen zertifiziert und bietet hierdurch eine Garantie, das europ\u00e4ische Datenschutzrecht einzuhalten (https:\/\/www.privacyshield.gov\/participant?id=a2zt000000001L5AAI&amp;status=Active).<\/p>\n<p>Die Google-Marketing-Services erlauben uns Werbeanzeigen f\u00fcr und auf unserer Website gezielter anzuzeigen, um Nutzern nur Anzeigen zu pr\u00e4sentieren, die potentiell deren Interessen entsprechen. Falls einem Nutzer z.B. Anzeigen f\u00fcr Produkte angezeigt werden, f\u00fcr die er sich auf anderen Webseiten interessiert hat, spricht man hierbei vom ?Remarketing?. Hierf\u00fcr werden Remarketing Tags auf unseren Seiten eingebunden, die dazu dienen Nutzer anhand von Cookies oder \u00e4hnlichen technische M\u00f6glichkeiten zu markieren und (pseudonyme) Nutzerprofile zu erstellen und diese f\u00fcr das Remarketing zu nutzen. Die Daten der Nutzer werden im Rahmen der Google-Marketing-Services pseudonym verarbeitet. D.h. Google speichert und verarbeitet z.B. nicht den Namen oder E-Mailadresse der Nutzer, sondern verarbeitet die relevanten Daten Cookie-bezogen innerhalb pseudonymer Nutzer-Profile. D.h. aus der Sicht von Google werden die Anzeigen nicht f\u00fcr eine konkret identifizierte Person verwaltet und angezeigt, sondern f\u00fcr den Cookie-Inhaber, unabh\u00e4ngig davon wer dieser Cookie-Inhaber ist. Dies gilt nicht, wenn ein Nutzer Google ausdr\u00fccklich erlaubt hat, die Daten ohne diese Pseudonymisierung zu verarbeiten. Die von Google-Marketing-Services \u00fcber die Nutzer gesammelten Informationen werden an Google \u00fcbermittelt und auf Googles Servern in den USA gespeichert.<\/p>\n<p>Wir setzen den \u201eGoogle Tag Manager\u201c ein, um die Google Analyse- und Marketing-Dienste in unsere Website einzubinden und zu verwalten.<\/p>\n<p>Weitere Informationen zur Datennutzung zu Marketingzwecken durch Google, finden Sie auf der \u00dcbersichtsseite: https:\/\/www.google.com\/policies\/technologies\/ads, die Datenschutzerkl\u00e4rung von Google ist unter https:\/\/www.google.com\/policies\/privacy abrufbar. Wenn Sie der interessensbezogenen Werbung durch Google-Marketing-Services widersprechen m\u00f6chten, k\u00f6nnen Sie die von Google gestellten Einstellungs- und Opt-Out-M\u00f6glichkeiten nutzen: http:\/\/www.google.com\/ads\/preferences. Alternativ dazu k\u00f6nnen Sie den daf\u00fcr vorgesehenen Schieberegler zum Thema Remarketing auf der Cookie-Informations-Seite deaktivieren. Wir weisen Sie jedoch darauf hin, dass Sie in diesem Fall gegebenenfalls nicht s\u00e4mtliche Funktionen unserer Webseiten vollumf\u00e4nglich werden nutzen k\u00f6nnen.<\/p>\n<p><strong>Google DoubleClick Re\/Marketing-Services<br \/>\n<\/strong>Doubleclick by Google ist eine Dienstleistung von Google Inc., 1600 Amphitheatre Parkway, Mountain View, CA 94043, USA (\u201eGoogle\u201c). Doubleclick by Google nutzt Cookies um Ihnen f\u00fcr Sie relevante Werbeanzeigen ausspielen zu k\u00f6nnen. Hierf\u00fcr f\u00fcr Ihrem Browser eine pseudonyme Identifikationsnummer (ID) zugeordnet, um zu \u00fcberpr\u00fcfen, welche Anzeigen in Ihrem Browser eingeblendet wurden und welche Anzeigen aufgerufen wurden. Die Cookies enthalten keine personenbezogenen Informationen.<\/p>\n<p>Durch die Verwendung der DoubleClick-Cookies wird Google und seinen Partner-Webseiten lediglich die Schaltung von Anzeigen auf Basis vorheriger Besuche auf unserer oder anderen Webseiten im Internet erm\u00f6glicht. Die durch die Cookies erzeugten Informationen werden von Google zur Auswertung an einen Server in den USA \u00fcbertragen und dort gespeichert. \u00dcbertragungen von Daten durch Google an Dritte findet nur aufgrund gesetzlicher Vorschriften oder im Rahmen der Auftragsdatenverarbeitung statt. Google wird keinesfalls ihre Daten mit anderen von Google erfassten Daten zusammenbringen.<\/p>\n<p>Durch das Nutzen unseres Onlineangebotes erkl\u00e4ren Sie sich mit zuvor beschriebenen Art und Weise der Datenverarbeitung zu dem benannten Zweck einverstanden. Sie k\u00f6nnen die Speicherung der Cookies durch eine entsprechende Einstellung Ihrer Browser-Software verhindern. Alternativ dazu k\u00f6nnen Sie den daf\u00fcr vorgesehenen Schieberegler zum Thema Remarketing auf Cookie-Informations-Seite deaktivieren. Wir weisen Sie jedoch darauf hin, dass Sie in diesem Fall gegebenenfalls nicht s\u00e4mtliche Funktionen unserer Webseiten vollumf\u00e4nglich werden nutzen k\u00f6nnen.<\/p>\n<p><strong>Einbindung von Diensten und Inhalten Dritter<br \/>\n<\/strong>Innerhalb unseres Onlineangebotes setzen wir auf Grundlage unserer berechtigten Interessen an der Analyse, Optimierung und wirtschaftlichem Betrieb unseres Onlineangebotes im Sinne des DSGVO Inhalts- oder Serviceangebote von Drittanbietern ein, um deren Inhalte und Services, wie z.B. Videos oder Schriftarten einzubinden (nachfolgend einheitlich bezeichnet als \u201eInhalte\u201c). Voraussetzung dabei ist, dass die Drittanbieter dieser Inhalte, die IP-Adresse der Nutzer wahrnehmen, da sie ohne die IP-Adresse die Inhalte nicht an deren Browser senden k\u00f6nnten. F\u00fcr die Darstellung dieser Inhalte ist daher die IP-Adresse erforderlich. Wir bem\u00fchen uns nur solche Dienste zu verwenden, deren jeweilige Anbieter die IP-Adresse lediglich zur Auslieferung der Inhalte verwenden. Ferner k\u00f6nnen diese Drittanbieter so genannte Pixel-Tags f\u00fcr statistische oder Marketingzwecke verwenden. Durch die \u201ePixel-Tags\u201c k\u00f6nnen Informationen, wie der Besucherverkehr auf den Seiten dieser Website ausgewertet werden. Die anynomisierten Informationen k\u00f6nnen ferner in Cookies auf dem Ger\u00e4t der Nutzer gespeichert werden. In diesen Daten k\u00f6nnen unter anderem technische Informationen zum Browser und Betriebssystem, verweisende Webseiten, Besuchszeit sowie weitere Angaben zur Nutzung unseres Onlineangebotes enthalten sein.<\/p>\n<p>In der nachfolgenden Aufz\u00e4hlung finden Sie eine \u00dcbersicht von Drittanbietern sowie ihrer Inhalte und Links zu deren Datenschutzerkl\u00e4rungen. Dort finden Sie weitere Hinweise zur Verarbeitung von Daten und, z.T. M\u00f6glichkeiten zum Widerspruch (sog. Opt-Out):<\/p>\n<p><strong>Google Webfonts<br \/>\n<\/strong>Externe Schriftarten von Google, Inc., www.google.com\/fonts (\u201eGoogle Fonts\u201c). Die Einbindung der Google Fonts erfolgt durch einen Serveraufruf bei Google (in der Regel in den USA). Dazu l\u00e4dt beim Aufrufen unserer Seite ihr Browser die ben\u00f6tigte Webfont in ihren Browsercache. Dies ist notwendig damit auch ihr Browser eine optisch verbesserte Darstellung unserer Texte anzeigen kann. Dies dient dazu, dass die Seite schneller geladen werden kann, da sich meist verwendete Schriften bereits in Ihrem Browsercache befinden. wenn ihr Browser diese Funktion nicht unterst\u00fctzt, wird eine Standardschrift von ihrem Computer zur Anzeige genutzt. Datenschutzerkl\u00e4rung: www.google.com\/policies\/privacy\/, Opt-Out: www.google.com\/settings\/ads\/.<\/p>\n<p><strong>Google Maps<br \/>\n<\/strong>Landkarten des Dienstes ?Google Maps? des Drittanbieters Google Inc., 1600 Amphitheatre Parkway, Mountain View, CA 94043, USA, zur Darstellung diverser Standorte und Anfahrtspl\u00e4ne. Die Nutzungsbedingungen f\u00fcr Google Maps finden Sie hier:<\/p>\n<p>https:\/\/www.google.com\/intl\/de_de\/help\/terms_maps.html Datenschutzerkl\u00e4rung: www.google.com\/policies\/privacy\/, Opt-Out: www.google.com\/settings\/ads\/.<\/p>\n<p><strong>Datenschutzerkl\u00e4rung f\u00fcr Facebook Custom Audience<br \/>\n<\/strong>Wir verwenden auf unserer Website Facebook Custom Audience. Wir weisen darauf hin, dass Facebook und Dritte Cookies, Web Beacons oder \u00e4hnliche Technologien zum Sammeln oder Einholen von Informationen auf dieser Webseite verwenden und diese Informationen f\u00fcr die Bereitstellung von Messungen und an Zielgruppen gerichtete Werbeanzeigen verwenden. Besucher der Website haben die M\u00f6glichkeit Custom Audience von Facebook zu deaktivieren.<\/p>\n<p><strong>Datenschutzerkl\u00e4rung f\u00fcr die Nutzung von Facebook-Plugins (Like-Button)<br \/>\n<\/strong>Auf unseren Seiten sind Plugins des sozialen Netzwerks Facebook, 1601 South California Avenue, Palo Alto, CA 94304, USA integriert. Die Facebook-Plugins erkennen Sie an dem Facebook-Logo oder dem \u201cLike-Button\u201d (\u201cGef\u00e4llt mir\u201d) auf unserer Seite. Eine \u00dcbersicht \u00fcber die Facebook-Plugins finden Sie hier: http:\/\/developers.facebook.com\/docs\/plugins\/. Wenn Sie unsere Seiten besuchen, wird \u00fcber das Plugin eine direkte Verbindung zwischen Ihrem Browser und dem Facebook-Server hergestellt. Facebook erh\u00e4lt dadurch die Information, dass Sie mit Ihrer IP-Adresse unsere Seite besucht haben. Wenn Sie den Facebook \u201cLike-Button\u201d anklicken w\u00e4hrend Sie in Ihrem Facebook-Account eingeloggt sind, k\u00f6nnen Sie die Inhalte unserer Seiten auf Ihrem Facebook-Profil verlinken. Dadurch kann Facebook den Besuch unserer Seiten Ihrem Benutzerkonto zuordnen. Wir weisen darauf hin, dass wir als Anbieter der Seiten keine Kenntnis vom Inhalt der \u00fcbermittelten Daten sowie deren Nutzung durch Facebook erhalten. Weitere Informationen hierzu finden Sie in der Datenschutzerkl\u00e4rung von facebook unter https:\/\/www.facebook.com\/about\/privacy\/. Wenn Sie nicht w\u00fcnschen, dass Facebook den Besuch unserer Seiten Ihrem Facebook-Nutzerkonto zuordnen kann, loggen Sie sich bitte aus Ihrem Facebook- Benutzerkonto aus.<\/p>\n<p><strong>Ihre Rechte<br \/>\n<\/strong>Ihnen stehen grunds\u00e4tzlich die Rechte auf Auskunft, Berichtigung, L\u00f6schung, Einschr\u00e4nkung, Daten\u00fcbertragbarkeit, Widerruf und Widerspruch zu. Hierf\u00fcr k\u00f6nnen Sie uns per Brief, Fax oder E-Mail kontaktieren.<\/p>\n<p>Wenn Sie glauben, dass die Verarbeitung Ihrer Daten gegen das Datenschutzrecht verst\u00f6\u00dft oder Ihre datenschutzrechtlichen Anspr\u00fcche sonst in einer Weise verletzt worden sind, k\u00f6nnen Sie sich bei der Aufsichtsbeh\u00f6rde beschweren. In \u00d6sterreich ist dies die Datenschutzbeh\u00f6rde.<\/p>\n<p><strong>\u00c4nderungen der Datenschutzerkl\u00e4rung<br \/>\n<\/strong>Wir behalten uns vor, die Datenschutzerkl\u00e4rung zu \u00e4ndern, um sie an ge\u00e4nderte Rechtslagen, oder bei \u00c4nderungen des Dienstes sowie der Datenverarbeitung anzupassen. Dies gilt jedoch nur im Hinblick auf Erkl\u00e4rungen zur Datenverarbeitung. Sofern Einwilligungen der Nutzer erforderlich sind oder Bestandteile der Datenschutzerkl\u00e4rung Regelungen des Vertragsverh\u00e4ltnisses mit den Nutzern enthalten, erfolgen die \u00c4nderungen nur mit Zustimmung der Nutzer.<\/p>\n<p>Version: September 2019[\/vc_column_text][\/vc_column_inner][\/vc_row_inner][\/vc_column][\/vc_row]<\/p>\n<\/div>","protected":false},"excerpt":{"rendered":"<p>[vc_row type=&#8220;4&#8243; padding_top=&#8220;150&#8243;][vc_column][vc_column_text] Impressum &amp; Datenschutz NextHome B.V. [\/vc_column_text][vc_row_inner][vc_column_inner width=&#8220;1\/3&#8243;][vc_column_text]Der Schutz Ihrer pers\u00f6nlichen Daten ist uns ein besonderes Anliegen. Wir verarbeiten Ihre Daten daher ausschlie\u00dflich auf Grundlage der Europ\u00e4ischer gesetzlichen Bestimmungen (DSVGO). In diesen Datenschutzinformationen informieren wir Sie \u00fcber die wichtigsten Aspekte der Datenverarbeitung im Rahmen unserer Website. Auftraggeber \/ Verantwortlicher der Datenverarbeitung NextHome B.V.&hellip;<\/p>\n","protected":false},"author":1,"featured_media":0,"parent":0,"menu_order":0,"comment_status":"closed","ping_status":"closed","template":"","meta":{"footnotes":""},"class_list":["post-476","page","type-page","status-publish","hentry","description-off"],"_links":{"self":[{"href":"https:\/\/residencenendaz.com\/de\/wp-json\/wp\/v2\/pages\/476","targetHints":{"allow":["GET"]}}],"collection":[{"href":"https:\/\/residencenendaz.com\/de\/wp-json\/wp\/v2\/pages"}],"about":[{"href":"https:\/\/residencenendaz.com\/de\/wp-json\/wp\/v2\/types\/page"}],"author":[{"embeddable":true,"href":"https:\/\/residencenendaz.com\/de\/wp-json\/wp\/v2\/users\/1"}],"replies":[{"embeddable":true,"href":"https:\/\/residencenendaz.com\/de\/wp-json\/wp\/v2\/comments?post=476"}],"version-history":[{"count":9,"href":"https:\/\/residencenendaz.com\/de\/wp-json\/wp\/v2\/pages\/476\/revisions"}],"predecessor-version":[{"id":607,"href":"https:\/\/residencenendaz.com\/de\/wp-json\/wp\/v2\/pages\/476\/revisions\/607"}],"wp:attachment":[{"href":"https:\/\/residencenendaz.com\/de\/wp-json\/wp\/v2\/media?parent=476"}],"curies":[{"name":"wp","href":"https:\/\/api.w.org\/{rel}","templated":true}]}}